{"id":8,"date":"2019-02-21T09:22:16","date_gmt":"2019-02-21T08:22:16","guid":{"rendered":"http:\/\/ferienhaus-nordseeinsel-pellworm.de\/?page_id=8"},"modified":"2019-02-21T09:43:09","modified_gmt":"2019-02-21T08:43:09","slug":"startseite","status":"publish","type":"page","link":"https:\/\/ferienhaus-nordseeinsel-pellworm.de\/","title":{"rendered":"Willkommen auf Pellworm!"},"content":{"rendered":"<p>Das Ferienhaus &#8222;Deichblick&#8220; befindet sich in Alleinlage in N\u00e4he der Norderm\u00fchle. Es bietet einen sch\u00f6nen Blick \u00fcber die Insel. Familien mit bis zu vier Kindern k\u00f6nnen hier ihren Urlaub genie\u00dfen. Im Garten befinden sich Spielutensilien, Gartenm\u00f6bel und ein Strandkorb. Dies ist ein toller Ort f\u00fcr Kinder und Hunde zum Spielen.<\/p>\n","protected":false},"excerpt":{"rendered":"<p>Das Ferienhaus &#8222;Deichblick&#8220; befindet sich in Alleinlage in N\u00e4he der Norderm\u00fchle. Es bietet einen sch\u00f6nen Blick \u00fcber die Insel. Familien mit bis zu vier Kindern k\u00f6nnen hier ihren Urlaub genie\u00dfen. Im Garten befinden sich Spielutensilien, Gartenm\u00f6bel und ein Strandkorb. Dies ist ein toller Ort f\u00fcr Kinder und Hunde zum Spielen.<\/p>\n","protected":false},"author":2,"featured_media":0,"parent":0,"menu_order":0,"comment_status":"closed","ping_status":"closed","template":"","meta":[],"_links":{"self":[{"href":"https:\/\/ferienhaus-nordseeinsel-pellworm.de\/index.php?rest_route=\/wp\/v2\/pages\/8"}],"collection":[{"href":"https:\/\/ferienhaus-nordseeinsel-pellworm.de\/index.php?rest_route=\/wp\/v2\/pages"}],"about":[{"href":"https:\/\/ferienhaus-nordseeinsel-pellworm.de\/index.php?rest_route=\/wp\/v2\/types\/page"}],"author":[{"embeddable":true,"href":"https:\/\/ferienhaus-nordseeinsel-pellworm.de\/index.php?rest_route=\/wp\/v2\/users\/2"}],"replies":[{"embeddable":true,"href":"https:\/\/ferienhaus-nordseeinsel-pellworm.de\/index.php?rest_route=%2Fwp%2Fv2%2Fcomments&post=8"}],"version-history":[{"count":3,"href":"https:\/\/ferienhaus-nordseeinsel-pellworm.de\/index.php?rest_route=\/wp\/v2\/pages\/8\/revisions"}],"predecessor-version":[{"id":43,"href":"https:\/\/ferienhaus-nordseeinsel-pellworm.de\/index.php?rest_route=\/wp\/v2\/pages\/8\/revisions\/43"}],"wp:attachment":[{"href":"https:\/\/ferienhaus-nordseeinsel-pellworm.de\/index.php?rest_route=%2Fwp%2Fv2%2Fmedia&parent=8"}],"curies":[{"name":"wp","href":"https:\/\/api.w.org\/{rel}","templated":true}]}}